{"id":10,"date":"2022-10-26T09:17:28","date_gmt":"2022-10-26T07:17:28","guid":{"rendered":"http:\/\/comptoir-signatures-gourmandes.com\/?page_id=10"},"modified":"2023-12-05T10:41:00","modified_gmt":"2023-12-05T09:41:00","slug":"contact","status":"publish","type":"page","link":"https:\/\/comptoir-signatures-gourmandes.com\/es\/contact\/","title":{"rendered":"Contacto"},"content":{"rendered":"<h2>Comptoir signatures gourmandes<\/h2>\n<p>140 route des cr\u00eates,<br \/>\n64300 Castetner<\/p>\n<p><a class=\"bloc_phones\" href=\"tel:0684972744\">06 84 97 27 44<\/a><\/p>\n","protected":false},"excerpt":{"rendered":"<p>Comptoir signatures gourmandes 140 route des cr\u00eates, 64300 Castetner 06 84 97 27 44<\/p>\n","protected":false},"author":1,"featured_media":0,"parent":0,"menu_order":0,"comment_status":"closed","ping_status":"closed","template":"","meta":{"footnotes":""},"class_list":["post-10","page","type-page","status-publish","hentry"],"yoast_head":"<!-- This site is optimized with the Yoast SEO plugin v27.4 - https:\/\/yoast.com\/product\/yoast-seo-wordpress\/ -->\n<title>Contacto - Fromage fermier des Pyr\u00e9n\u00e9es - Charcuterie des Pyr\u00e9n\u00e9es - Comptoir signatures gourmandes<\/title>\n<meta name=\"description\" content=\"Comptoir signatures gourmandes 140 route des cr\u00eates, 64300 Castetner  06 84 97 27 44\" \/>\n<meta name=\"robots\" content=\"index, follow, max-snippet:-1, max-image-preview:large, max-video-preview:-1\" \/>\n<link rel=\"canonical\" href=\"https:\/\/comptoir-signatures-gourmandes.com\/es\/contact\/\" \/>\n<meta property=\"og:locale\" content=\"es_ES\" \/>\n<meta property=\"og:type\" content=\"article\" \/>\n<meta property=\"og:title\" content=\"Contacto - Fromage fermier des Pyr\u00e9n\u00e9es - Charcuterie des Pyr\u00e9n\u00e9es - Comptoir signatures gourmandes\" \/>\n<meta property=\"og:description\" content=\"Comptoir signatures gourmandes 140 route des cr\u00eates, 64300 Castetner  06 84 97 27 44\" \/>\n<meta property=\"og:url\" content=\"https:\/\/comptoir-signatures-gourmandes.com\/contact\/\" \/>\n<meta property=\"og:site_name\" content=\"Fromage fermier des Pyr\u00e9n\u00e9es - Charcuterie des Pyr\u00e9n\u00e9es - Comptoir signatures gourmandes\" \/>\n<meta property=\"article:modified_time\" content=\"2023-12-05T09:41:00+00:00\" \/>\n<meta name=\"twitter:card\" content=\"summary_large_image\" \/>\n<meta name=\"twitter:label1\" content=\"Tiempo de lectura\" \/>\n\t<meta name=\"twitter:data1\" content=\"1 minuto\" \/>\n<script type=\"application\/ld+json\" class=\"yoast-schema-graph\">{\"@context\":\"https:\\\/\\\/schema.org\",\"@graph\":[{\"@type\":\"WebPage\",\"@id\":\"https:\\\/\\\/comptoir-signatures-gourmandes.com\\\/contact\\\/\",\"url\":\"https:\\\/\\\/comptoir-signatures-gourmandes.com\\\/contact\\\/\",\"name\":\"Contacto - Fromage fermier des Pyr\u00e9n\u00e9es - Charcuterie des Pyr\u00e9n\u00e9es - Comptoir signatures gourmandes\",\"isPartOf\":{\"@id\":\"https:\\\/\\\/comptoir-signatures-gourmandes.com\\\/#website\"},\"datePublished\":\"2022-10-26T07:17:28+00:00\",\"dateModified\":\"2023-12-05T09:41:00+00:00\",\"description\":\"Comptoir signatures gourmandes 140 route des cr\u00eates, 64300 Castetner 06 84 97 27 44\",\"inLanguage\":\"es\",\"potentialAction\":[{\"@type\":\"ReadAction\",\"target\":[\"https:\\\/\\\/comptoir-signatures-gourmandes.com\\\/contact\\\/\"]}]},{\"@type\":\"WebSite\",\"@id\":\"https:\\\/\\\/comptoir-signatures-gourmandes.com\\\/#website\",\"url\":\"https:\\\/\\\/comptoir-signatures-gourmandes.com\\\/\",\"name\":\"Comptoir signatures gourmandes\",\"description\":\"Fromage fermier des Pyr\u00e9n\u00e9es - Charcuterie des Pyr\u00e9n\u00e9es - Comptoir signatures gourmandes\",\"publisher\":{\"@id\":\"https:\\\/\\\/comptoir-signatures-gourmandes.com\\\/#organization\"},\"potentialAction\":[{\"@type\":\"SearchAction\",\"target\":{\"@type\":\"EntryPoint\",\"urlTemplate\":\"https:\\\/\\\/comptoir-signatures-gourmandes.com\\\/?s={search_term_string}\"},\"query-input\":{\"@type\":\"PropertyValueSpecification\",\"valueRequired\":true,\"valueName\":\"search_term_string\"}}],\"inLanguage\":\"es\"},{\"@type\":\"Organization\",\"@id\":\"https:\\\/\\\/comptoir-signatures-gourmandes.com\\\/#organization\",\"name\":\"Comptoir signatures gourmandes\",\"url\":\"https:\\\/\\\/comptoir-signatures-gourmandes.com\\\/\",\"logo\":{\"@type\":\"ImageObject\",\"inLanguage\":\"es\",\"@id\":\"https:\\\/\\\/comptoir-signatures-gourmandes.com\\\/#\\\/schema\\\/logo\\\/image\\\/\",\"url\":\"https:\\\/\\\/comptoir-signatures-gourmandes.com\\\/wp-content\\\/uploads\\\/comptoir-signatures-gourmandes-logo.png\",\"contentUrl\":\"https:\\\/\\\/comptoir-signatures-gourmandes.com\\\/wp-content\\\/uploads\\\/comptoir-signatures-gourmandes-logo.png\",\"width\":294,\"height\":293,\"caption\":\"Comptoir signatures gourmandes\"},\"image\":{\"@id\":\"https:\\\/\\\/comptoir-signatures-gourmandes.com\\\/#\\\/schema\\\/logo\\\/image\\\/\"}}]}<\/script>\n<!-- \/ Yoast SEO plugin. -->","yoast_head_json":{"title":"Contacto - Fromage fermier des Pyr\u00e9n\u00e9es - Charcuterie des Pyr\u00e9n\u00e9es - Comptoir signatures gourmandes","description":"Comptoir signatures gourmandes 140 route des cr\u00eates, 64300 Castetner  06 84 97 27 44","robots":{"index":"index","follow":"follow","max-snippet":"max-snippet:-1","max-image-preview":"max-image-preview:large","max-video-preview":"max-video-preview:-1"},"canonical":"https:\/\/comptoir-signatures-gourmandes.com\/es\/contact\/","og_locale":"es_ES","og_type":"article","og_title":"Contacto - Fromage fermier des Pyr\u00e9n\u00e9es - Charcuterie des Pyr\u00e9n\u00e9es - Comptoir signatures gourmandes","og_description":"Comptoir signatures gourmandes 140 route des cr\u00eates, 64300 Castetner  06 84 97 27 44","og_url":"https:\/\/comptoir-signatures-gourmandes.com\/contact\/","og_site_name":"Fromage fermier des Pyr\u00e9n\u00e9es - Charcuterie des Pyr\u00e9n\u00e9es - Comptoir signatures gourmandes","article_modified_time":"2023-12-05T09:41:00+00:00","twitter_card":"summary_large_image","twitter_misc":{"Tiempo de lectura":"1 minuto"},"schema":{"@context":"https:\/\/schema.org","@graph":[{"@type":"WebPage","@id":"https:\/\/comptoir-signatures-gourmandes.com\/contact\/","url":"https:\/\/comptoir-signatures-gourmandes.com\/contact\/","name":"Contacto - Fromage fermier des Pyr\u00e9n\u00e9es - Charcuterie des Pyr\u00e9n\u00e9es - Comptoir signatures gourmandes","isPartOf":{"@id":"https:\/\/comptoir-signatures-gourmandes.com\/#website"},"datePublished":"2022-10-26T07:17:28+00:00","dateModified":"2023-12-05T09:41:00+00:00","description":"Comptoir signatures gourmandes 140 route des cr\u00eates, 64300 Castetner 06 84 97 27 44","inLanguage":"es","potentialAction":[{"@type":"ReadAction","target":["https:\/\/comptoir-signatures-gourmandes.com\/contact\/"]}]},{"@type":"WebSite","@id":"https:\/\/comptoir-signatures-gourmandes.com\/#website","url":"https:\/\/comptoir-signatures-gourmandes.com\/","name":"Comptoir signatures gourmandes","description":"Fromage fermier des Pyr\u00e9n\u00e9es - Charcuterie des Pyr\u00e9n\u00e9es - Comptoir signatures gourmandes","publisher":{"@id":"https:\/\/comptoir-signatures-gourmandes.com\/#organization"},"potentialAction":[{"@type":"SearchAction","target":{"@type":"EntryPoint","urlTemplate":"https:\/\/comptoir-signatures-gourmandes.com\/?s={search_term_string}"},"query-input":{"@type":"PropertyValueSpecification","valueRequired":true,"valueName":"search_term_string"}}],"inLanguage":"es"},{"@type":"Organization","@id":"https:\/\/comptoir-signatures-gourmandes.com\/#organization","name":"Comptoir signatures gourmandes","url":"https:\/\/comptoir-signatures-gourmandes.com\/","logo":{"@type":"ImageObject","inLanguage":"es","@id":"https:\/\/comptoir-signatures-gourmandes.com\/#\/schema\/logo\/image\/","url":"https:\/\/comptoir-signatures-gourmandes.com\/wp-content\/uploads\/comptoir-signatures-gourmandes-logo.png","contentUrl":"https:\/\/comptoir-signatures-gourmandes.com\/wp-content\/uploads\/comptoir-signatures-gourmandes-logo.png","width":294,"height":293,"caption":"Comptoir signatures gourmandes"},"image":{"@id":"https:\/\/comptoir-signatures-gourmandes.com\/#\/schema\/logo\/image\/"}}]}},"_links":{"self":[{"href":"https:\/\/comptoir-signatures-gourmandes.com\/es\/wp-json\/wp\/v2\/pages\/10","targetHints":{"allow":["GET"]}}],"collection":[{"href":"https:\/\/comptoir-signatures-gourmandes.com\/es\/wp-json\/wp\/v2\/pages"}],"about":[{"href":"https:\/\/comptoir-signatures-gourmandes.com\/es\/wp-json\/wp\/v2\/types\/page"}],"author":[{"embeddable":true,"href":"https:\/\/comptoir-signatures-gourmandes.com\/es\/wp-json\/wp\/v2\/users\/1"}],"replies":[{"embeddable":true,"href":"https:\/\/comptoir-signatures-gourmandes.com\/es\/wp-json\/wp\/v2\/comments?post=10"}],"version-history":[{"count":3,"href":"https:\/\/comptoir-signatures-gourmandes.com\/es\/wp-json\/wp\/v2\/pages\/10\/revisions"}],"predecessor-version":[{"id":374,"href":"https:\/\/comptoir-signatures-gourmandes.com\/es\/wp-json\/wp\/v2\/pages\/10\/revisions\/374"}],"wp:attachment":[{"href":"https:\/\/comptoir-signatures-gourmandes.com\/es\/wp-json\/wp\/v2\/media?parent=10"}],"curies":[{"name":"wp","href":"https:\/\/api.w.org\/{rel}","templated":true}]}}