{"id":12,"date":"2022-10-26T09:17:43","date_gmt":"2022-10-26T07:17:43","guid":{"rendered":"http:\/\/comptoir-signatures-gourmandes.com\/?page_id=12"},"modified":"2025-03-12T17:56:30","modified_gmt":"2025-03-12T16:56:30","slug":"mentions-legales","status":"publish","type":"page","link":"https:\/\/comptoir-signatures-gourmandes.com\/es\/mentions-legales\/","title":{"rendered":"Aviso Legal"},"content":{"rendered":"<p><\/p>\n<div class=\"col-xs-12 col-sm-12 col-md-4 col-lg-4\">\n<div class=\"mentionslegales\">\n<p>El dominio comptoir-signatures-gourmandes.com es editado por :<\/p>\n<h2>Comptoir signatures gourmandes<\/h2>\n<p>140 route des cr\u00eates,<br \/>\n64300 Castetner<\/p>\n<p>CIF : 809 296 999<\/p>\n<p>Creaci\u00f3n del sitio e indexaci\u00f3n<\/p>\n<h2>Grupo Gedone<\/h2>\n<p>80 Boulevard Charles de Gaulles, 64140 LONS<br \/>\nCIF : 448 462 200<br \/>\nTelf : 05 59 33 71 46<br \/>\n<a href=\"http:\/\/creationsiteinternetpau.com\/\">Groupe Gedone<\/a><\/p>\n<\/div>\n<\/div>\n<div class=\"col-xs-12 col-sm-12 col-md-8 col-lg-8\">\n<h2>Localizaci\u00f3n<\/h2>\n<p>OVH -140, quai du Sartel &#8211; 59100 ROUBAIX<br \/>\nDerechos de autor &#8211; copyright \u00a9 &#8211; derecho de marcas &#8211; enlaces<br \/>\nEst\u00e1 estrictamente prohibida la reproducci\u00f3n o la representaci\u00f3n total o parcial de los elementos del sitio web.<\/p>\n<h2>Derechos de autor<\/h2>\n<p>Los derechos de reproducci\u00f3n o de representaci\u00f3n total o parcial de todos los contenidos del sitio web son reservados.<br \/>\nEn consecuencia, la reproducci\u00f3n o representaci\u00f3n total o parcial del sitio web, independientemente del tipo de soporte, est\u00e1 prohibida a menos que se cuente con la autorizaci\u00f3n escrita y expl\u00edcita del responsable de la publicaci\u00f3n. Los documentos s\u00f3lo pueden ser objeto de copias a t\u00edtulo informativo y la copia siendo reservada \u00fanicamente al uso privado.<\/p>\n<h2>Derecho de marcas<\/h2>\n<p>Las denominaciones sociales, marcas y signos distintivos reproducidos en el sitio son protegidos de conformidad con el derecho de marcas. La reproducci\u00f3n total o parcial de uno de los signos<br \/>\nanteriormente citados est\u00e1 estrictamente prohibida y debe ser objeto de una autorizaci\u00f3n escrita previa del titular de la marca.<\/p>\n<h2>La creaci\u00f3n de enlaces hacia el sitio web<\/h2>\n<p>El sitio web autoriza la implementaci\u00f3n de un enlace hipertexto hacia su contenido, a condici\u00f3n de que no se use la t\u00e9cnica del enlace profundo (\u00ab deep linking \u00bb), es decir que las p\u00e1ginas del sitio no deben ser incluidas en el interior de las p\u00e1ginas de otro sitio web sino accesibles mediante la apertura de una ventana; mencionar la fuente del contenido visado. Esta autorizaci\u00f3n no se aplica a los sitios Web que difunden informaciones con car\u00e1cter pol\u00e9mico, pornogr\u00e1fico, xen\u00f3fobo o que pueden, en mayor medida, atentar contra la sensibilidad de la mayor\u00eda o del orden p\u00fablico.<\/p>\n<h2>Libertad inform\u00e1tica y datos personales<\/h2>\n<p>Informamos al usuario que sus datos personales recogidos en el marco de formularios de contactos, servicios personalizados o cualquier otro cuestionario son sometidos a un tratamiento automatizado. Las informaciones recogidas quedan estrictamente confidenciales y son destinadas al uso exclusivo de los miembros y de los servicios del editor del sitio web. Ciertas informaciones espec\u00edficas pedidas en los formularios en l\u00ednea son obligatorias. Se ha de tener en cuenta que si su entrada es err\u00f3nea, las informaciones no ser\u00e1n mandadas. De acuerdo a la ley \u00ab Inform\u00e1tica y Libertad \u00bb del 6 de enero de 1978, modificada por la ley del 6 de agosto de 2004 (art\u00edculos 38 a 43 de la ley n\u00b0 78-17 del 6 de enero de 1978 relativa a la inform\u00e1tica, a los ficheros y a las libertades), el usuario puede ejercer su derecho de acceso a las informaciones y si fuera necesario podr\u00e1 rectificar o suprimir informaciones que lo conciernen escribi\u00e9ndonos.<br \/>\nPara cualquier informaci\u00f3n sobre la protecci\u00f3n de los datos personales, puedes consultar el sitio web de la Comisi\u00f3n Inf\u00f3rmatica y Libertad <a href=\"http:\/\/www.cnil.fr\">www.cnil.fr<\/a><\/p>\n<h2>Pol\u00edtica de uso de cookies<\/h2>\n<p><b>\u00bfQu\u00e9 es una cookie?<\/b><br \/>\nUna cookie es un archivo de informaci\u00f3n almacenado en tu ordenador, m\u00f3vil o tableta cuando consultas nuestro sitio web. No necesitas activar esta funci\u00f3n para visitar el sitio web, pero el acceso a ciertos servicios puede exigir el uso de cookies para funcionar correctamente (ejemplo: estad\u00edsticas Google Analytics). Puedes desactivar la funci\u00f3n cookies de tu navegador si lo deseas.<\/p>\n<p>Para m\u00e1s informaci\u00f3n en torno a las cookies, puedes consultar el sitio de la CNIL (<a href=\"http:\/\/www.cnil.fr\">www.cnil.fr<\/a>).<br \/>\nEstas cookies nos proporcionan informaci\u00f3n cifrada para facilitar y mejorar tu experiencia en nuestro sitio web, permitiendo por ejemplo, reconocerte cuando vuelves a usar el sitio. Una cookie no permite que te identifiquemos personalmente, s\u00f3lo reconoce el ordenador usado. Las cookies permiten as\u00ed que tu ordenador acceda a distintas funciones del sitio web y que se beneficie de una navegaci\u00f3n lo m\u00e1s personalizada posible.<br \/>\nNo se transmite ninguna informaci\u00f3n sin tu acuerdo.<\/p>\n<p>La duraci\u00f3n de conservaci\u00f3n de datos relativos a las cookies es limitada a 13 meses.<br \/>\n<b>\u00bfC\u00f3mo rechazar las cookies?<\/b><br \/>\nSi quieres rechazar la implementaci\u00f3n de cookies en tu ordenador, s\u00f3lo tienes que configurar tu navegador de Internet. Cada navegador tiene un procedimiento distinto que podr\u00e1s encontrar a<br \/>\ncontinuaci\u00f3n :<\/p>\n<div class=\"col-xs-12 col-sm-12 col-md-12 col-lg-12\" style=\"padding: 25px 0;\">\n<div class=\"col-xs-2 col-sm-1 col-md-1 col-lg-1\" style=\"padding: 0 15px 15px 0;\">\n       <img decoding=\"async\" src=\"http:\/\/www.groupegedone.com\/module_cookie\/picto-google-chrome.png\" style=\"width: 100%;\"alt=\"\"\/>\n   <\/div>\n<div class=\"col-xs-10 col-sm-11 col-md-11 col-lg-11\" style=\"padding: 0;\">\n       1. Selecciona \u00ab Configuraci\u00f3n \u00bb arriba de tu ventana de navegaci\u00f3n y luego \u00ab Mostrar configuraci\u00f3n avanzada.<br \/>\n       2. En la secci\u00f3n \u00ab Privacidad y seguridad \u00bb, haz clic en \u00ab Configuraci\u00f3n de sitios \u00bb, cuando llegues a la parte de \u00ab cookies \u00bb podr\u00e1s seleccionar el nivel deseado.<br \/>\n       3. Abajo de la p\u00e1gina, haz clic en \u00ab OK \u00bb para confirmar la acci\u00f3n.<\/p><\/div>\n<\/div>\n<div class=\"col-xs-12 col-sm-12 col-md-12 col-lg-12\" style=\"padding: 25px 0;\">\n<div class=\"col-xs-2 col-sm-1 col-md-1 col-lg-1\" style=\"padding: 0 15px 15px 0;\">\n       <img decoding=\"async\" src=\"http:\/\/www.groupegedone.com\/module_cookie\/picto-mozilla-firefox.png\" style=\"width: 100%;\" alt=\"\"\/>\n   <\/div>\n<div class=\"col-xs-10 col-sm-11 col-md-11 col-lg-11\" style=\"padding: 0;\">\n       1. Haz clic en \u00ab Ajustes \u00bb arriba de tu ventana de navegaci\u00f3n y luego en \u00ab Opciones \u00bb.<br \/>\n       2. Selecciona la pesta\u00f1a \u00ab Privacidad y seguridad \u00bb, haz clic en \u00ab borrar cookies espec\u00edficas \u00bb.<br \/>\n       3. F\u00edjate en las cookies que llevan el nombre \u00ab XXX \u00bb y b\u00f3rralas.\n   <\/div>\n<\/div>\n<div class=\"col-xs-12 col-sm-12 col-md-12 col-lg-12\" style=\"padding: 25px 0;\">\n<div class=\"col-xs-2 col-sm-1 col-md-1 col-lg-1\" style=\"padding: 0 15px 15px 0;\">\n       <img decoding=\"async\" src=\"http:\/\/www.groupegedone.com\/module_cookie\/picto-internet-explorer.png\" style=\"width: 100%;\" alt=\"\"\/>\n   <\/div>\n<div class=\"col-xs-10 col-sm-11 col-md-11 col-lg-11\" style=\"padding: 0;\">\n       1. Haz clic en \u00ab Configuraci\u00f3n y m\u00e1s \u00bb en la esquina superior de la ventana del navegador.<br \/>\n       2. En \u00ab Configuraci\u00f3n \u00bb, selecciona el nivel de cookies que quieres aceptar.<br \/>\n       3. Haz clic en \u00ab OK \u00bb para confirmar la acci\u00f3n.\n   <\/div>\n<\/div>\n<div class=\"col-xs-12 col-sm-12 col-md-12 col-lg-12\" style=\"padding: 25px 0;\">\n<div class=\"col-xs-2 col-sm-1 col-md-1 col-lg-1\" style=\"padding: 0 15px 15px 0;\">\n       <img decoding=\"async\" src=\"http:\/\/www.groupegedone.com\/module_cookie\/picto-safari.png\" style=\"width: 100%;\" alt=\"\"\/>\n   <\/div>\n<div class=\"col-xs-10 col-sm-11 col-md-11 col-lg-11\" style=\"padding: 0;\">\n       1. Haz clic en el \u00edcono \u00ab Parametros \u00bb arriba de tu ventana de navegaci\u00f3n y luego en \u00ab Preferencias \u00bb.<br \/>\n       2. Haz clic en \u00ab Seguridad \u00bb y en \u00ab Bloquear las cookies \u00bb selecciona el nivel deseado.<br \/>\n       3. Cierra la ventana para confirmar la acci\u00f3n.\n   <\/div>\n<\/div>\n<div class=\"col-xs-12 col-sm-12 col-md-12 col-lg-12\" style=\"padding: 25px 0;\">\n<div class=\"col-xs-2 col-sm-1 col-md-1 col-lg-1\" style=\"padding: 0 15px 15px 0;\">\n       <img decoding=\"async\" src=\"http:\/\/www.groupegedone.com\/module_cookie\/picto-safari.png\" style=\"width: 100%;\" alt=\"\"\/>\n   <\/div>\n<div class=\"col-xs-10 col-sm-11 col-md-11 col-lg-11\" style=\"padding: 0;\">\n       1. Haz clic en \u00ab Safari \u00bb arriba de tu ventana de navegaci\u00f3n y elige \u00ab Preferencias \u00bb.<br \/>\n       2. Haz clic en \u00ab Seguridad \u00bb y en \u00ab Aceptar las cookies \u00bb selecciona el nivel deseado.<br \/>\n       3. Cierra la ventana para confirmar la acci\u00f3n.\n   <\/div>\n<\/div>\n<\/div>\n<p><\/p>","protected":false},"excerpt":{"rendered":"<p>El dominio comptoir-signatures-gourmandes.com es editado por : Comptoir signatures gourmandes 140 route des cr\u00eates, 64300 Castetner CIF : 809 296 999 Creaci\u00f3n del sitio e indexaci\u00f3n Grupo Gedone 80 Boulevard Charles de Gaulles, 64140 LONS CIF : 448 462 200 Telf : 05 59 33 71 46 Groupe Gedone Localizaci\u00f3n OVH -140, quai du Sartel &hellip; <\/p>\n<p class=\"link-more\"><a href=\"https:\/\/comptoir-signatures-gourmandes.com\/es\/mentions-legales\/\" class=\"more-link\">Continue reading<span class=\"screen-reader-text\"> \u00abAviso Legal\u00bb<\/span><\/a><\/p>\n","protected":false},"author":1,"featured_media":0,"parent":0,"menu_order":0,"comment_status":"closed","ping_status":"closed","template":"","meta":{"footnotes":""},"class_list":["post-12","page","type-page","status-publish","hentry"],"yoast_head":"<!-- This site is optimized with the Yoast SEO plugin v27.4 - https:\/\/yoast.com\/product\/yoast-seo-wordpress\/ -->\n<title>Aviso Legal - Fromage fermier des Pyr\u00e9n\u00e9es - Charcuterie des Pyr\u00e9n\u00e9es - Comptoir signatures gourmandes<\/title>\n<meta name=\"description\" content=\"Le site comptoir-signatures-gourmandes.com est \u00e9dit\u00e9 par : SARL Comptoir signatures gourmandes 140 route des cr\u00eates, 64300 Castetner Tel : 06 84 97 27 44\" \/>\n<meta name=\"robots\" content=\"noindex, nofollow\" \/>\n<meta property=\"og:locale\" content=\"es_ES\" \/>\n<meta property=\"og:type\" content=\"article\" \/>\n<meta property=\"og:title\" content=\"Aviso Legal - Fromage fermier des Pyr\u00e9n\u00e9es - Charcuterie des Pyr\u00e9n\u00e9es - Comptoir signatures gourmandes\" \/>\n<meta property=\"og:description\" content=\"Le site comptoir-signatures-gourmandes.com est \u00e9dit\u00e9 par : SARL Comptoir signatures gourmandes 140 route des cr\u00eates, 64300 Castetner Tel : 06 84 97 27 44\" \/>\n<meta property=\"og:url\" content=\"https:\/\/comptoir-signatures-gourmandes.com\/mentions-legales\/\" \/>\n<meta property=\"og:site_name\" content=\"Fromage fermier des Pyr\u00e9n\u00e9es - Charcuterie des Pyr\u00e9n\u00e9es - Comptoir signatures gourmandes\" \/>\n<meta property=\"article:modified_time\" content=\"2025-03-12T16:56:30+00:00\" \/>\n<meta property=\"og:image\" content=\"http:\/\/www.groupegedone.com\/module_cookie\/picto-google-chrome.png\" \/>\n<meta name=\"twitter:card\" content=\"summary_large_image\" \/>\n<meta name=\"twitter:label1\" content=\"Tiempo de lectura\" \/>\n\t<meta name=\"twitter:data1\" content=\"6 minutos\" \/>\n<script type=\"application\/ld+json\" class=\"yoast-schema-graph\">{\"@context\":\"https:\\\/\\\/schema.org\",\"@graph\":[{\"@type\":\"WebPage\",\"@id\":\"https:\\\/\\\/comptoir-signatures-gourmandes.com\\\/mentions-legales\\\/\",\"url\":\"https:\\\/\\\/comptoir-signatures-gourmandes.com\\\/mentions-legales\\\/\",\"name\":\"Aviso Legal - Fromage fermier des Pyr\u00e9n\u00e9es - Charcuterie des Pyr\u00e9n\u00e9es - Comptoir signatures gourmandes\",\"isPartOf\":{\"@id\":\"https:\\\/\\\/comptoir-signatures-gourmandes.com\\\/#website\"},\"primaryImageOfPage\":{\"@id\":\"https:\\\/\\\/comptoir-signatures-gourmandes.com\\\/mentions-legales\\\/#primaryimage\"},\"image\":{\"@id\":\"https:\\\/\\\/comptoir-signatures-gourmandes.com\\\/mentions-legales\\\/#primaryimage\"},\"thumbnailUrl\":\"http:\\\/\\\/www.groupegedone.com\\\/module_cookie\\\/picto-google-chrome.png\",\"datePublished\":\"2022-10-26T07:17:43+00:00\",\"dateModified\":\"2025-03-12T16:56:30+00:00\",\"description\":\"Le site comptoir-signatures-gourmandes.com est \u00e9dit\u00e9 par : SARL Comptoir signatures gourmandes 140 route des cr\u00eates, 64300 Castetner Tel : 06 84 97 27 44\",\"inLanguage\":\"es\",\"potentialAction\":[{\"@type\":\"ReadAction\",\"target\":[\"https:\\\/\\\/comptoir-signatures-gourmandes.com\\\/mentions-legales\\\/\"]}]},{\"@type\":\"ImageObject\",\"inLanguage\":\"es\",\"@id\":\"https:\\\/\\\/comptoir-signatures-gourmandes.com\\\/mentions-legales\\\/#primaryimage\",\"url\":\"http:\\\/\\\/www.groupegedone.com\\\/module_cookie\\\/picto-google-chrome.png\",\"contentUrl\":\"http:\\\/\\\/www.groupegedone.com\\\/module_cookie\\\/picto-google-chrome.png\"},{\"@type\":\"WebSite\",\"@id\":\"https:\\\/\\\/comptoir-signatures-gourmandes.com\\\/#website\",\"url\":\"https:\\\/\\\/comptoir-signatures-gourmandes.com\\\/\",\"name\":\"Comptoir signatures gourmandes\",\"description\":\"Fromage fermier des Pyr\u00e9n\u00e9es - Charcuterie des Pyr\u00e9n\u00e9es - Comptoir signatures gourmandes\",\"publisher\":{\"@id\":\"https:\\\/\\\/comptoir-signatures-gourmandes.com\\\/#organization\"},\"potentialAction\":[{\"@type\":\"SearchAction\",\"target\":{\"@type\":\"EntryPoint\",\"urlTemplate\":\"https:\\\/\\\/comptoir-signatures-gourmandes.com\\\/?s={search_term_string}\"},\"query-input\":{\"@type\":\"PropertyValueSpecification\",\"valueRequired\":true,\"valueName\":\"search_term_string\"}}],\"inLanguage\":\"es\"},{\"@type\":\"Organization\",\"@id\":\"https:\\\/\\\/comptoir-signatures-gourmandes.com\\\/#organization\",\"name\":\"Comptoir signatures gourmandes\",\"url\":\"https:\\\/\\\/comptoir-signatures-gourmandes.com\\\/\",\"logo\":{\"@type\":\"ImageObject\",\"inLanguage\":\"es\",\"@id\":\"https:\\\/\\\/comptoir-signatures-gourmandes.com\\\/#\\\/schema\\\/logo\\\/image\\\/\",\"url\":\"https:\\\/\\\/comptoir-signatures-gourmandes.com\\\/wp-content\\\/uploads\\\/comptoir-signatures-gourmandes-logo.png\",\"contentUrl\":\"https:\\\/\\\/comptoir-signatures-gourmandes.com\\\/wp-content\\\/uploads\\\/comptoir-signatures-gourmandes-logo.png\",\"width\":294,\"height\":293,\"caption\":\"Comptoir signatures gourmandes\"},\"image\":{\"@id\":\"https:\\\/\\\/comptoir-signatures-gourmandes.com\\\/#\\\/schema\\\/logo\\\/image\\\/\"}}]}<\/script>\n<!-- \/ Yoast SEO plugin. -->","yoast_head_json":{"title":"Aviso Legal - Fromage fermier des Pyr\u00e9n\u00e9es - Charcuterie des Pyr\u00e9n\u00e9es - Comptoir signatures gourmandes","description":"Le site comptoir-signatures-gourmandes.com est \u00e9dit\u00e9 par : SARL Comptoir signatures gourmandes 140 route des cr\u00eates, 64300 Castetner Tel : 06 84 97 27 44","robots":{"index":"noindex","follow":"nofollow"},"og_locale":"es_ES","og_type":"article","og_title":"Aviso Legal - Fromage fermier des Pyr\u00e9n\u00e9es - Charcuterie des Pyr\u00e9n\u00e9es - Comptoir signatures gourmandes","og_description":"Le site comptoir-signatures-gourmandes.com est \u00e9dit\u00e9 par : SARL Comptoir signatures gourmandes 140 route des cr\u00eates, 64300 Castetner Tel : 06 84 97 27 44","og_url":"https:\/\/comptoir-signatures-gourmandes.com\/mentions-legales\/","og_site_name":"Fromage fermier des Pyr\u00e9n\u00e9es - Charcuterie des Pyr\u00e9n\u00e9es - Comptoir signatures gourmandes","article_modified_time":"2025-03-12T16:56:30+00:00","og_image":[{"url":"http:\/\/www.groupegedone.com\/module_cookie\/picto-google-chrome.png","type":"","width":"","height":""}],"twitter_card":"summary_large_image","twitter_misc":{"Tiempo de lectura":"6 minutos"},"schema":{"@context":"https:\/\/schema.org","@graph":[{"@type":"WebPage","@id":"https:\/\/comptoir-signatures-gourmandes.com\/mentions-legales\/","url":"https:\/\/comptoir-signatures-gourmandes.com\/mentions-legales\/","name":"Aviso Legal - Fromage fermier des Pyr\u00e9n\u00e9es - Charcuterie des Pyr\u00e9n\u00e9es - Comptoir signatures gourmandes","isPartOf":{"@id":"https:\/\/comptoir-signatures-gourmandes.com\/#website"},"primaryImageOfPage":{"@id":"https:\/\/comptoir-signatures-gourmandes.com\/mentions-legales\/#primaryimage"},"image":{"@id":"https:\/\/comptoir-signatures-gourmandes.com\/mentions-legales\/#primaryimage"},"thumbnailUrl":"http:\/\/www.groupegedone.com\/module_cookie\/picto-google-chrome.png","datePublished":"2022-10-26T07:17:43+00:00","dateModified":"2025-03-12T16:56:30+00:00","description":"Le site comptoir-signatures-gourmandes.com est \u00e9dit\u00e9 par : SARL Comptoir signatures gourmandes 140 route des cr\u00eates, 64300 Castetner Tel : 06 84 97 27 44","inLanguage":"es","potentialAction":[{"@type":"ReadAction","target":["https:\/\/comptoir-signatures-gourmandes.com\/mentions-legales\/"]}]},{"@type":"ImageObject","inLanguage":"es","@id":"https:\/\/comptoir-signatures-gourmandes.com\/mentions-legales\/#primaryimage","url":"http:\/\/www.groupegedone.com\/module_cookie\/picto-google-chrome.png","contentUrl":"http:\/\/www.groupegedone.com\/module_cookie\/picto-google-chrome.png"},{"@type":"WebSite","@id":"https:\/\/comptoir-signatures-gourmandes.com\/#website","url":"https:\/\/comptoir-signatures-gourmandes.com\/","name":"Comptoir signatures gourmandes","description":"Fromage fermier des Pyr\u00e9n\u00e9es - Charcuterie des Pyr\u00e9n\u00e9es - Comptoir signatures gourmandes","publisher":{"@id":"https:\/\/comptoir-signatures-gourmandes.com\/#organization"},"potentialAction":[{"@type":"SearchAction","target":{"@type":"EntryPoint","urlTemplate":"https:\/\/comptoir-signatures-gourmandes.com\/?s={search_term_string}"},"query-input":{"@type":"PropertyValueSpecification","valueRequired":true,"valueName":"search_term_string"}}],"inLanguage":"es"},{"@type":"Organization","@id":"https:\/\/comptoir-signatures-gourmandes.com\/#organization","name":"Comptoir signatures gourmandes","url":"https:\/\/comptoir-signatures-gourmandes.com\/","logo":{"@type":"ImageObject","inLanguage":"es","@id":"https:\/\/comptoir-signatures-gourmandes.com\/#\/schema\/logo\/image\/","url":"https:\/\/comptoir-signatures-gourmandes.com\/wp-content\/uploads\/comptoir-signatures-gourmandes-logo.png","contentUrl":"https:\/\/comptoir-signatures-gourmandes.com\/wp-content\/uploads\/comptoir-signatures-gourmandes-logo.png","width":294,"height":293,"caption":"Comptoir signatures gourmandes"},"image":{"@id":"https:\/\/comptoir-signatures-gourmandes.com\/#\/schema\/logo\/image\/"}}]}},"_links":{"self":[{"href":"https:\/\/comptoir-signatures-gourmandes.com\/es\/wp-json\/wp\/v2\/pages\/12","targetHints":{"allow":["GET"]}}],"collection":[{"href":"https:\/\/comptoir-signatures-gourmandes.com\/es\/wp-json\/wp\/v2\/pages"}],"about":[{"href":"https:\/\/comptoir-signatures-gourmandes.com\/es\/wp-json\/wp\/v2\/types\/page"}],"author":[{"embeddable":true,"href":"https:\/\/comptoir-signatures-gourmandes.com\/es\/wp-json\/wp\/v2\/users\/1"}],"replies":[{"embeddable":true,"href":"https:\/\/comptoir-signatures-gourmandes.com\/es\/wp-json\/wp\/v2\/comments?post=12"}],"version-history":[{"count":6,"href":"https:\/\/comptoir-signatures-gourmandes.com\/es\/wp-json\/wp\/v2\/pages\/12\/revisions"}],"predecessor-version":[{"id":1037,"href":"https:\/\/comptoir-signatures-gourmandes.com\/es\/wp-json\/wp\/v2\/pages\/12\/revisions\/1037"}],"wp:attachment":[{"href":"https:\/\/comptoir-signatures-gourmandes.com\/es\/wp-json\/wp\/v2\/media?parent=12"}],"curies":[{"name":"wp","href":"https:\/\/api.w.org\/{rel}","templated":true}]}}