{"id":2,"date":"2022-10-26T09:14:39","date_gmt":"2022-10-26T07:14:39","guid":{"rendered":"http:\/\/comptoir-signatures-gourmandes.com\/?page_id=2"},"modified":"2023-12-05T09:59:37","modified_gmt":"2023-12-05T08:59:37","slug":"page-d-exemple","status":"publish","type":"page","link":"https:\/\/comptoir-signatures-gourmandes.com\/es\/","title":{"rendered":"La tienda"},"content":{"rendered":"<p><\/p>\n<h1>Comptoir Signatures Gourmandes<\/h1>\n<h2>Los Pirineos sobre la mesa<\/h2>\n<p>Como todos los artesanos, sentimos apego por los sabores y la autenticidad. Las materias primas son seleccionadas con esmero, nuestras recetas son \u201csecretos de familia\u201d. Ponemos de relieve el compartir, la calidad, la pasi\u00f3n y la autenticidad.<\/p>","protected":false},"excerpt":{"rendered":"<p>Comptoir Signatures Gourmandes Los Pirineos sobre la mesa Como todos los artesanos, sentimos apego por los sabores y la autenticidad. Las materias primas son seleccionadas con esmero, nuestras recetas son \u201csecretos de familia\u201d. Ponemos de relieve el compartir, la calidad, la pasi\u00f3n y la autenticidad.<\/p>\n","protected":false},"author":1,"featured_media":0,"parent":0,"menu_order":0,"comment_status":"closed","ping_status":"open","template":"","meta":{"footnotes":""},"class_list":["post-2","page","type-page","status-publish","hentry"],"yoast_head":"<!-- This site is optimized with the Yoast SEO plugin v27.4 - https:\/\/yoast.com\/product\/yoast-seo-wordpress\/ -->\n<title>Fromage fermier des Pyr\u00e9n\u00e9es - Charcuterie des Pyr\u00e9n\u00e9es<\/title>\n<meta name=\"description\" content=\"Comptoir Signatures Gourmandes vous propose des fromage fermier de ch\u00e8vres, de brebis ou de vache des Pyr\u00e9n\u00e9es. Comme tous les artisans...\" \/>\n<meta name=\"robots\" content=\"index, follow, max-snippet:-1, max-image-preview:large, max-video-preview:-1\" \/>\n<link rel=\"canonical\" href=\"https:\/\/comptoir-signatures-gourmandes.com\/es\/\" \/>\n<meta property=\"og:locale\" content=\"es_ES\" \/>\n<meta property=\"og:type\" content=\"article\" \/>\n<meta property=\"og:title\" content=\"Fromage fermier des Pyr\u00e9n\u00e9es - Charcuterie des Pyr\u00e9n\u00e9es\" \/>\n<meta property=\"og:description\" content=\"Comptoir Signatures Gourmandes vous propose des fromage fermier de ch\u00e8vres, de brebis ou de vache des Pyr\u00e9n\u00e9es. Comme tous les artisans...\" \/>\n<meta property=\"og:url\" content=\"https:\/\/comptoir-signatures-gourmandes.com\/\" \/>\n<meta property=\"og:site_name\" content=\"Fromage fermier des Pyr\u00e9n\u00e9es - Charcuterie des Pyr\u00e9n\u00e9es - Comptoir signatures gourmandes\" \/>\n<meta property=\"article:modified_time\" content=\"2023-12-05T08:59:37+00:00\" \/>\n<meta property=\"og:image\" content=\"https:\/\/www.groupegedone.com\/wp-content\/themes\/groupege\/images\/invisible.png\" \/>\n<meta name=\"twitter:card\" content=\"summary_large_image\" \/>\n<meta name=\"twitter:label1\" content=\"Tiempo de lectura\" \/>\n\t<meta name=\"twitter:data1\" content=\"2 minutos\" \/>\n<script type=\"application\/ld+json\" class=\"yoast-schema-graph\">{\"@context\":\"https:\\\/\\\/schema.org\",\"@graph\":[{\"@type\":\"WebPage\",\"@id\":\"https:\\\/\\\/comptoir-signatures-gourmandes.com\\\/\",\"url\":\"https:\\\/\\\/comptoir-signatures-gourmandes.com\\\/\",\"name\":\"Fromage fermier des Pyr\u00e9n\u00e9es - Charcuterie des Pyr\u00e9n\u00e9es\",\"isPartOf\":{\"@id\":\"https:\\\/\\\/comptoir-signatures-gourmandes.com\\\/#website\"},\"primaryImageOfPage\":{\"@id\":\"https:\\\/\\\/comptoir-signatures-gourmandes.com\\\/#primaryimage\"},\"image\":{\"@id\":\"https:\\\/\\\/comptoir-signatures-gourmandes.com\\\/#primaryimage\"},\"thumbnailUrl\":\"https:\\\/\\\/www.groupegedone.com\\\/wp-content\\\/themes\\\/groupege\\\/images\\\/invisible.png\",\"datePublished\":\"2022-10-26T07:14:39+00:00\",\"dateModified\":\"2023-12-05T08:59:37+00:00\",\"description\":\"Comptoir Signatures Gourmandes vous propose des fromage fermier de ch\u00e8vres, de brebis ou de vache des Pyr\u00e9n\u00e9es. Comme tous les artisans...\",\"inLanguage\":\"es\",\"potentialAction\":[{\"@type\":\"ReadAction\",\"target\":[\"https:\\\/\\\/comptoir-signatures-gourmandes.com\\\/\"]}]},{\"@type\":\"ImageObject\",\"inLanguage\":\"es\",\"@id\":\"https:\\\/\\\/comptoir-signatures-gourmandes.com\\\/#primaryimage\",\"url\":\"https:\\\/\\\/www.groupegedone.com\\\/wp-content\\\/themes\\\/groupege\\\/images\\\/invisible.png\",\"contentUrl\":\"https:\\\/\\\/www.groupegedone.com\\\/wp-content\\\/themes\\\/groupege\\\/images\\\/invisible.png\"},{\"@type\":\"WebSite\",\"@id\":\"https:\\\/\\\/comptoir-signatures-gourmandes.com\\\/#website\",\"url\":\"https:\\\/\\\/comptoir-signatures-gourmandes.com\\\/\",\"name\":\"Comptoir signatures gourmandes\",\"description\":\"Fromage fermier des Pyr\u00e9n\u00e9es - Charcuterie des Pyr\u00e9n\u00e9es - Comptoir signatures gourmandes\",\"publisher\":{\"@id\":\"https:\\\/\\\/comptoir-signatures-gourmandes.com\\\/#organization\"},\"potentialAction\":[{\"@type\":\"SearchAction\",\"target\":{\"@type\":\"EntryPoint\",\"urlTemplate\":\"https:\\\/\\\/comptoir-signatures-gourmandes.com\\\/?s={search_term_string}\"},\"query-input\":{\"@type\":\"PropertyValueSpecification\",\"valueRequired\":true,\"valueName\":\"search_term_string\"}}],\"inLanguage\":\"es\"},{\"@type\":\"Organization\",\"@id\":\"https:\\\/\\\/comptoir-signatures-gourmandes.com\\\/#organization\",\"name\":\"Comptoir signatures gourmandes\",\"url\":\"https:\\\/\\\/comptoir-signatures-gourmandes.com\\\/\",\"logo\":{\"@type\":\"ImageObject\",\"inLanguage\":\"es\",\"@id\":\"https:\\\/\\\/comptoir-signatures-gourmandes.com\\\/#\\\/schema\\\/logo\\\/image\\\/\",\"url\":\"https:\\\/\\\/comptoir-signatures-gourmandes.com\\\/wp-content\\\/uploads\\\/comptoir-signatures-gourmandes-logo.png\",\"contentUrl\":\"https:\\\/\\\/comptoir-signatures-gourmandes.com\\\/wp-content\\\/uploads\\\/comptoir-signatures-gourmandes-logo.png\",\"width\":294,\"height\":293,\"caption\":\"Comptoir signatures gourmandes\"},\"image\":{\"@id\":\"https:\\\/\\\/comptoir-signatures-gourmandes.com\\\/#\\\/schema\\\/logo\\\/image\\\/\"}}]}<\/script>\n<!-- \/ Yoast SEO plugin. -->","yoast_head_json":{"title":"Fromage fermier des Pyr\u00e9n\u00e9es - Charcuterie des Pyr\u00e9n\u00e9es","description":"Comptoir Signatures Gourmandes vous propose des fromage fermier de ch\u00e8vres, de brebis ou de vache des Pyr\u00e9n\u00e9es. Comme tous les artisans...","robots":{"index":"index","follow":"follow","max-snippet":"max-snippet:-1","max-image-preview":"max-image-preview:large","max-video-preview":"max-video-preview:-1"},"canonical":"https:\/\/comptoir-signatures-gourmandes.com\/es\/","og_locale":"es_ES","og_type":"article","og_title":"Fromage fermier des Pyr\u00e9n\u00e9es - Charcuterie des Pyr\u00e9n\u00e9es","og_description":"Comptoir Signatures Gourmandes vous propose des fromage fermier de ch\u00e8vres, de brebis ou de vache des Pyr\u00e9n\u00e9es. Comme tous les artisans...","og_url":"https:\/\/comptoir-signatures-gourmandes.com\/","og_site_name":"Fromage fermier des Pyr\u00e9n\u00e9es - Charcuterie des Pyr\u00e9n\u00e9es - Comptoir signatures gourmandes","article_modified_time":"2023-12-05T08:59:37+00:00","og_image":[{"url":"https:\/\/www.groupegedone.com\/wp-content\/themes\/groupege\/images\/invisible.png","type":"","width":"","height":""}],"twitter_card":"summary_large_image","twitter_misc":{"Tiempo de lectura":"2 minutos"},"schema":{"@context":"https:\/\/schema.org","@graph":[{"@type":"WebPage","@id":"https:\/\/comptoir-signatures-gourmandes.com\/","url":"https:\/\/comptoir-signatures-gourmandes.com\/","name":"Fromage fermier des Pyr\u00e9n\u00e9es - Charcuterie des Pyr\u00e9n\u00e9es","isPartOf":{"@id":"https:\/\/comptoir-signatures-gourmandes.com\/#website"},"primaryImageOfPage":{"@id":"https:\/\/comptoir-signatures-gourmandes.com\/#primaryimage"},"image":{"@id":"https:\/\/comptoir-signatures-gourmandes.com\/#primaryimage"},"thumbnailUrl":"https:\/\/www.groupegedone.com\/wp-content\/themes\/groupege\/images\/invisible.png","datePublished":"2022-10-26T07:14:39+00:00","dateModified":"2023-12-05T08:59:37+00:00","description":"Comptoir Signatures Gourmandes vous propose des fromage fermier de ch\u00e8vres, de brebis ou de vache des Pyr\u00e9n\u00e9es. Comme tous les artisans...","inLanguage":"es","potentialAction":[{"@type":"ReadAction","target":["https:\/\/comptoir-signatures-gourmandes.com\/"]}]},{"@type":"ImageObject","inLanguage":"es","@id":"https:\/\/comptoir-signatures-gourmandes.com\/#primaryimage","url":"https:\/\/www.groupegedone.com\/wp-content\/themes\/groupege\/images\/invisible.png","contentUrl":"https:\/\/www.groupegedone.com\/wp-content\/themes\/groupege\/images\/invisible.png"},{"@type":"WebSite","@id":"https:\/\/comptoir-signatures-gourmandes.com\/#website","url":"https:\/\/comptoir-signatures-gourmandes.com\/","name":"Comptoir signatures gourmandes","description":"Fromage fermier des Pyr\u00e9n\u00e9es - Charcuterie des Pyr\u00e9n\u00e9es - Comptoir signatures gourmandes","publisher":{"@id":"https:\/\/comptoir-signatures-gourmandes.com\/#organization"},"potentialAction":[{"@type":"SearchAction","target":{"@type":"EntryPoint","urlTemplate":"https:\/\/comptoir-signatures-gourmandes.com\/?s={search_term_string}"},"query-input":{"@type":"PropertyValueSpecification","valueRequired":true,"valueName":"search_term_string"}}],"inLanguage":"es"},{"@type":"Organization","@id":"https:\/\/comptoir-signatures-gourmandes.com\/#organization","name":"Comptoir signatures gourmandes","url":"https:\/\/comptoir-signatures-gourmandes.com\/","logo":{"@type":"ImageObject","inLanguage":"es","@id":"https:\/\/comptoir-signatures-gourmandes.com\/#\/schema\/logo\/image\/","url":"https:\/\/comptoir-signatures-gourmandes.com\/wp-content\/uploads\/comptoir-signatures-gourmandes-logo.png","contentUrl":"https:\/\/comptoir-signatures-gourmandes.com\/wp-content\/uploads\/comptoir-signatures-gourmandes-logo.png","width":294,"height":293,"caption":"Comptoir signatures gourmandes"},"image":{"@id":"https:\/\/comptoir-signatures-gourmandes.com\/#\/schema\/logo\/image\/"}}]}},"_links":{"self":[{"href":"https:\/\/comptoir-signatures-gourmandes.com\/es\/wp-json\/wp\/v2\/pages\/2","targetHints":{"allow":["GET"]}}],"collection":[{"href":"https:\/\/comptoir-signatures-gourmandes.com\/es\/wp-json\/wp\/v2\/pages"}],"about":[{"href":"https:\/\/comptoir-signatures-gourmandes.com\/es\/wp-json\/wp\/v2\/types\/page"}],"author":[{"embeddable":true,"href":"https:\/\/comptoir-signatures-gourmandes.com\/es\/wp-json\/wp\/v2\/users\/1"}],"replies":[{"embeddable":true,"href":"https:\/\/comptoir-signatures-gourmandes.com\/es\/wp-json\/wp\/v2\/comments?post=2"}],"version-history":[{"count":9,"href":"https:\/\/comptoir-signatures-gourmandes.com\/es\/wp-json\/wp\/v2\/pages\/2\/revisions"}],"predecessor-version":[{"id":363,"href":"https:\/\/comptoir-signatures-gourmandes.com\/es\/wp-json\/wp\/v2\/pages\/2\/revisions\/363"}],"wp:attachment":[{"href":"https:\/\/comptoir-signatures-gourmandes.com\/es\/wp-json\/wp\/v2\/media?parent=2"}],"curies":[{"name":"wp","href":"https:\/\/api.w.org\/{rel}","templated":true}]}}